{"id":254,"date":"2020-01-06T18:00:52","date_gmt":"2020-01-06T18:00:52","guid":{"rendered":"http:\/\/neu.schachclub-ismaning.de\/?page_id=254"},"modified":"2024-06-05T10:54:05","modified_gmt":"2024-06-05T10:54:05","slug":"verbandsturniere","status":"publish","type":"page","link":"https:\/\/schachclub-ismaning.de\/?page_id=254","title":{"rendered":"Verbandsturniere"},"content":{"rendered":"\n<p>Wer seinen schachlichen Horizont \u00fcber Ismaning hinaus erweitern m\u00f6chte, findet beim <strong><a href=\"https:\/\/www.schachbezirk-muenchen.de\/index.php\" target=\"_blank\" rel=\"noreferrer noopener\">Schach-Bezirksverband M\u00fcnchen<\/a><\/strong> zahlreiche M\u00f6glichkeiten. Wir sind dort regelm\u00e4\u00dfig mit zwei Teams in der <strong>M\u00fcnchner Mannschaftsmeisterschaft<\/strong> vertreten. Dar\u00fcber hinaus gibt es eine <strong>Vielzahl von Einzel- und Mannschaftsturnieren<\/strong>, die auch Angebote f\u00fcr Senioren, Frauen und M\u00e4dchen sowie innovative Schachvarianten wie Schach960 beinhalten.<\/p>\n\n\n\n<ul class=\"wp-block-list\">\n<li><a href=\"https:\/\/www.schachbezirk-muenchen.de\/ois.html\" target=\"_blank\" rel=\"noreferrer noopener\">Offenes Internationales Schachturnier (OIS)<\/a><\/li>\n\n\n\n<li><a href=\"https:\/\/www.schachbezirk-muenchen.de\/mmm-k2.html\" target=\"_blank\" rel=\"noreferrer noopener\">M\u00fcnchner Mannschaftsmeisterschaft (MMM)<\/a><\/li>\n\n\n\n<li><a href=\"https:\/\/www.schachbezirk-muenchen.de\/mem-k2.html\" target=\"_blank\" rel=\"noreferrer noopener\">M\u00fcnchner Einzelmeisterschaft (MEM)<\/a><\/li>\n\n\n\n<li><a href=\"https:\/\/www.schachbezirk-muenchen.de\/mmpt-k2.html\" target=\"_blank\" rel=\"noreferrer noopener\">M\u00fcnchner Mannschaftspokal (MMPT)<\/a><\/li>\n\n\n\n<li><a href=\"https:\/\/www.schachbezirk-muenchen.de\/mlpt.html\" target=\"_blank\" rel=\"noreferrer noopener\">M\u00fcnchner Ligapokal (MLPT)<\/a><\/li>\n\n\n\n<li><a href=\"https:\/\/www.schachbezirk-muenchen.de\/mept-k2.html\" target=\"_blank\" rel=\"noreferrer noopener\">M\u00fcnchner Einzelpokal (MEPT)<\/a><\/li>\n\n\n\n<li><a href=\"https:\/\/www.schachbezirk-muenchen.de\/msmm.html\" target=\"_blank\" rel=\"noreferrer noopener\">M\u00fcnchner Schnellschach-Mannschaftsmeisterschaft (MSMM)<\/a><\/li>\n\n\n\n<li><a href=\"https:\/\/www.schachbezirk-muenchen.de\/msem.html\" target=\"_blank\" rel=\"noreferrer noopener\">M\u00fcnchner Schnellschach-Einzelmeisterschaft (MSEM)<\/a><\/li>\n\n\n\n<li><a href=\"https:\/\/www.schachbezirk-muenchen.de\/mbmm.html\" target=\"_blank\" rel=\"noreferrer noopener\">M\u00fcnchner Blitzschach-Mannschaftsmeisterschaft (MBMM)<\/a><\/li>\n\n\n\n<li><a href=\"https:\/\/www.schachbezirk-muenchen.de\/mbem.html\" target=\"_blank\" rel=\"noreferrer noopener\">M\u00fcnchner Blitzschach-Einzelmeisterschaft (MBEM)<\/a><\/li>\n\n\n\n<li><a href=\"https:\/\/www.schachbezirk-muenchen.de\/m960em.html\" target=\"_blank\" rel=\"noreferrer noopener\">M\u00fcnchner Schach960-Einzelmeisterschaft (M960EM)<\/a><\/li>\n\n\n\n<li><a href=\"https:\/\/www.schachbezirk-muenchen.de\/msenmm.html\" target=\"_blank\" rel=\"noreferrer noopener\">M\u00fcnchner Senioren-Mannschaftsmeisterschaft (MSenMM)<\/a><\/li>\n\n\n\n<li><a href=\"https:\/\/www.schachbezirk-muenchen.de\/msenem.html\" target=\"_blank\" rel=\"noreferrer noopener\">M\u00fcnchner Senioren-Einzelmeisterschaft (MSenEM)<\/a><\/li>\n\n\n\n<li><a href=\"https:\/\/www.schachbezirk-muenchen.de\/omsfme.html\" target=\"_blank\" rel=\"noreferrer noopener\">Frauen&amp;M\u00e4dchen-Schnellschach<\/a><\/li>\n<\/ul>\n\n\n\n<p>Immer \u00f6fter fungieren wir als Gastgeber f\u00fcr diese Verbandsturniere, was den Ismaninger Schachinteressierten nat\u00fcrlich einen gewissen Heimvorteil verschafft.<\/p>\n","protected":false},"excerpt":{"rendered":"<p>Wer seinen schachlichen Horizont \u00fcber Ismaning hinaus erweitern m\u00f6chte, findet beim Schach-Bezirksverband M\u00fcnchen zahlreiche M\u00f6glichkeiten. Wir sind dort regelm\u00e4\u00dfig mit zwei Teams in der M\u00fcnchner &hellip;<\/p>\n","protected":false},"author":1,"featured_media":0,"parent":349,"menu_order":2,"comment_status":"closed","ping_status":"closed","template":"","meta":{"footnotes":""},"class_list":["post-254","page","type-page","status-publish","hentry"],"_links":{"self":[{"href":"https:\/\/schachclub-ismaning.de\/index.php?rest_route=\/wp\/v2\/pages\/254","targetHints":{"allow":["GET"]}}],"collection":[{"href":"https:\/\/schachclub-ismaning.de\/index.php?rest_route=\/wp\/v2\/pages"}],"about":[{"href":"https:\/\/schachclub-ismaning.de\/index.php?rest_route=\/wp\/v2\/types\/page"}],"author":[{"embeddable":true,"href":"https:\/\/schachclub-ismaning.de\/index.php?rest_route=\/wp\/v2\/users\/1"}],"replies":[{"embeddable":true,"href":"https:\/\/schachclub-ismaning.de\/index.php?rest_route=%2Fwp%2Fv2%2Fcomments&post=254"}],"version-history":[{"count":10,"href":"https:\/\/schachclub-ismaning.de\/index.php?rest_route=\/wp\/v2\/pages\/254\/revisions"}],"predecessor-version":[{"id":532,"href":"https:\/\/schachclub-ismaning.de\/index.php?rest_route=\/wp\/v2\/pages\/254\/revisions\/532"}],"up":[{"embeddable":true,"href":"https:\/\/schachclub-ismaning.de\/index.php?rest_route=\/wp\/v2\/pages\/349"}],"wp:attachment":[{"href":"https:\/\/schachclub-ismaning.de\/index.php?rest_route=%2Fwp%2Fv2%2Fmedia&parent=254"}],"curies":[{"name":"wp","href":"https:\/\/api.w.org\/{rel}","templated":true}]}}