{"id":337,"date":"2020-01-06T19:08:19","date_gmt":"2020-01-06T19:08:19","guid":{"rendered":"http:\/\/neu.schachclub-ismaning.de\/?page_id=337"},"modified":"2025-04-29T15:37:54","modified_gmt":"2025-04-29T15:37:54","slug":"wir-in-ismaning","status":"publish","type":"page","link":"https:\/\/schachclub-ismaning.de\/?page_id=337","title":{"rendered":"WIR in ISMANING"},"content":{"rendered":"\n<p>Das Online-Schaufenster-Ismaning unter wir-in-ismaning.de ist eine Art virtueller (Einkaufs-)Bummel durch Ismaning. Hier treffen sich B\u00fcrger*innen, Gesch\u00e4ftsleute und deren Besch\u00e4ftigte sowie G\u00e4ste, Vereine und ortsans\u00e4ssige Institutionen. Jeder, der etwas in Ismaning sucht, kann hier gezielt recherchieren. Aktuell sind rund 800 Profile, mehr als 800 Angebots- und Newsposts sowie rund 350 Jobangebote online &#8211; und darunter nat\u00fcrlich auch der <strong><a href=\"https:\/\/wir-in-ismaning.de\/profil\/schachclub-ismaning-e-v\/\" data-type=\"link\" data-id=\"https:\/\/wir-in-ismaning.de\/profil\/schachclub-ismaning-e-v\/\" target=\"_blank\" rel=\"noreferrer noopener\">Schachclub Ismaning<\/a><\/strong>.<\/p>\n","protected":false},"excerpt":{"rendered":"<p>Das Online-Schaufenster-Ismaning unter wir-in-ismaning.de ist eine Art virtueller (Einkaufs-)Bummel durch Ismaning. Hier treffen sich B\u00fcrger*innen, Gesch\u00e4ftsleute und deren Besch\u00e4ftigte sowie G\u00e4ste, Vereine und ortsans\u00e4ssige Institutionen. &hellip;<\/p>\n","protected":false},"author":1,"featured_media":0,"parent":355,"menu_order":3,"comment_status":"closed","ping_status":"closed","template":"","meta":{"footnotes":""},"class_list":["post-337","page","type-page","status-publish","hentry"],"_links":{"self":[{"href":"https:\/\/schachclub-ismaning.de\/index.php?rest_route=\/wp\/v2\/pages\/337","targetHints":{"allow":["GET"]}}],"collection":[{"href":"https:\/\/schachclub-ismaning.de\/index.php?rest_route=\/wp\/v2\/pages"}],"about":[{"href":"https:\/\/schachclub-ismaning.de\/index.php?rest_route=\/wp\/v2\/types\/page"}],"author":[{"embeddable":true,"href":"https:\/\/schachclub-ismaning.de\/index.php?rest_route=\/wp\/v2\/users\/1"}],"replies":[{"embeddable":true,"href":"https:\/\/schachclub-ismaning.de\/index.php?rest_route=%2Fwp%2Fv2%2Fcomments&post=337"}],"version-history":[{"count":4,"href":"https:\/\/schachclub-ismaning.de\/index.php?rest_route=\/wp\/v2\/pages\/337\/revisions"}],"predecessor-version":[{"id":636,"href":"https:\/\/schachclub-ismaning.de\/index.php?rest_route=\/wp\/v2\/pages\/337\/revisions\/636"}],"up":[{"embeddable":true,"href":"https:\/\/schachclub-ismaning.de\/index.php?rest_route=\/wp\/v2\/pages\/355"}],"wp:attachment":[{"href":"https:\/\/schachclub-ismaning.de\/index.php?rest_route=%2Fwp%2Fv2%2Fmedia&parent=337"}],"curies":[{"name":"wp","href":"https:\/\/api.w.org\/{rel}","templated":true}]}}