{"id":427,"date":"2023-04-23T17:10:20","date_gmt":"2023-04-23T17:10:20","guid":{"rendered":"http:\/\/neu.schachclub-ismaning.de\/?page_id=427"},"modified":"2025-10-12T10:28:49","modified_gmt":"2025-10-12T10:28:49","slug":"termine","status":"publish","type":"page","link":"https:\/\/schachclub-ismaning.de\/?page_id=427","title":{"rendered":"Termine"},"content":{"rendered":"\n<p>Der Start der M\u00fcnchner Mannschaftsmeisterschaft l\u00e4utet traditionell die Saison der Langpartien ein.<\/p>\n\n\n\n<p>In der <strong>M\u00fcnchner Mannschaftsmeisterschaft 2025\/2026<\/strong> ist der Schachclub Ismaning mit der 1. Mannschaft in der B-Klasse 1 und mit der 2. Mannschaft in der C-Klasse 1 vertreten. Beide Mannschaften tragen ihre Heimspiele freitags im Hillebrandhof &#8211; Haus der Senioren (Clubraum) aus. Als erstes spielt die 2. Mannschaft am 24.10.2025 zu Hause gegen den FC Bayern M\u00fcnchen 10. Kiebitze sind jederzeit herzlich willkommen!<\/p>\n\n\n\n<p>Am 14.10.2025 startet der Schachclub Ismaning au\u00dferdem die <strong>Ismaninger Einzelmeisterschaft 2026<\/strong>. Anmelden kann sich jede\/r interessierte Schachspieler\/in per E-Mail an spielleiter@schachclub-ismaning.de. Anmeldeschluss ist am Dienstag, den 07.10.2025.<\/p>\n\n\n\n<p>Einzelheiten k\u00f6nnen dem <strong>Terminplan <\/strong>und der <strong>Turnierausschreibung <\/strong>entnommen werden.<\/p>\n\n\n\n<figure class=\"wp-block-table\"><table><tbody><tr><td class=\"has-text-align-left\" data-align=\"left\"><strong>Datum<\/strong><\/td><td><strong>Beginn<\/strong><\/td><td><strong>Veranstaltung<\/strong><\/td><\/tr><tr><td class=\"has-text-align-left\" data-align=\"left\">14.10.2025<\/td><td>19:30 Uhr<\/td><td>Ismaninger Einzelmeisterschaft 2026 (Runde 1)<\/td><\/tr><tr><td class=\"has-text-align-left\" data-align=\"left\"><strong>21.10.2025<\/strong><\/td><td><strong>19:30 Uhr<\/strong><\/td><td><strong>Mitgliederversammlung 2025<\/strong><\/td><\/tr><tr><td class=\"has-text-align-left\" data-align=\"left\">&nbsp;<\/td><td>&nbsp;<\/td><td>M\u00fcnchner Mannschaftsmeisterschaft<\/td><\/tr><tr><td class=\"has-text-align-left\" data-align=\"left\">22.10.2025 (Mi.)<\/td><td>19:30 Uhr<\/td><td>B-Klasse 1 | Runde 1 SC Roter Turm Altstadt 3 \u2013 SC Ismaning 1<\/td><\/tr><tr><td class=\"has-text-align-left\" data-align=\"left\">24.10.2025 (Fr.)<\/td><td>19:30 Uhr<\/td><td>C-Klasse 1 | Runde 1 SC Ismaning 2 \u2013 FC Bayern M\u00fcnchen 10<\/td><\/tr><tr><td class=\"has-text-align-left\" data-align=\"left\">28.10.2025<\/td><td>19:30 Uhr<\/td><td>Ismaninger Einzelmeisterschaft 2026 (Runde 2)<\/td><\/tr><tr><td class=\"has-text-align-left\" data-align=\"left\">04.11.2025<\/td><td>19:30 Uhr<\/td><td>Partieanalysen und freies Spiel (Herbstferien)<\/td><\/tr><tr><td class=\"has-text-align-left\" data-align=\"left\">11.11.2025<\/td><td>19:30 Uhr<\/td><td>Ismaninger Einzelmeisterschaft 2026 (Runde 3)<\/td><\/tr><tr><td class=\"has-text-align-left\" data-align=\"left\">18.11.2025<\/td><td>19:30 Uhr<\/td><td>Partieanalysen und freies Spiel<\/td><\/tr><tr><td class=\"has-text-align-left\" data-align=\"left\">&nbsp;<\/td><td>&nbsp;<\/td><td>M\u00fcnchner Mannschaftsmeisterschaft<\/td><\/tr><tr><td class=\"has-text-align-left\" data-align=\"left\">21.11.2025 (Fr.)<\/td><td>19:30 Uhr<\/td><td>B-Klasse 1 | Runde 2 SC Ismaning 1 &#8211; SG Aschheim\/Feldkirchen\/Kirchheim 2<\/td><\/tr><tr><td class=\"has-text-align-left\" data-align=\"left\">21.11.2025 (Fr.)<\/td><td>19:30 Uhr<\/td><td>C-Klasse 1 | Runde 2 SG Aschheim\/Feldkirchen\/Kirchheim 4 &#8211; SC Ismaning 2<\/td><\/tr><tr><td class=\"has-text-align-left\" data-align=\"left\">25.11.2025<\/td><td>19:30 Uhr<\/td><td>Ismaninger Einzelmeisterschaft 2026 (Runde 4)<\/td><\/tr><tr><td class=\"has-text-align-left\" data-align=\"left\">02.12.2025<\/td><td>19:30 Uhr<\/td><td>Partieanalysen und freies Spiel<\/td><\/tr><tr><td class=\"has-text-align-left\" data-align=\"left\">09.12.2025<\/td><td>19:30 Uhr<\/td><td>Partieanalysen und freies Spiel<\/td><\/tr><tr><td class=\"has-text-align-left\" data-align=\"left\">&nbsp;<\/td><td>&nbsp;<\/td><td>M\u00fcnchner Mannschaftsmeisterschaft<\/td><\/tr><tr><td class=\"has-text-align-left\" data-align=\"left\">12.12.2025 (Fr.)<\/td><td>19:30 Uhr<\/td><td>B-Klasse 1 | Runde 3 SC Ismaning 1 \u2013 SF Dachau 1932 2<\/td><\/tr><tr><td class=\"has-text-align-left\" data-align=\"left\">12.12.2025 (Fr.)<\/td><td>19:30 Uhr<\/td><td>C-Klasse 1 | Runde 3 Schach-Union M\u00fcnchen 2 &#8211; SC Ismaning 2<\/td><\/tr><tr><td class=\"has-text-align-left\" data-align=\"left\"><strong>16.12.2025<\/strong><\/td><td><strong>19:30 Uhr<\/strong><\/td><td><strong>Weihnachtsfeier mit Blitzschachturnier<\/strong><\/td><\/tr><tr><td class=\"has-text-align-left\" data-align=\"left\">23.12.2025<\/td><td>&nbsp;<\/td><td>Weihnachtsferien<\/td><\/tr><tr><td class=\"has-text-align-left\" data-align=\"left\">30.12.2025<\/td><td>&nbsp;<\/td><td>Weihnachtsferien<\/td><\/tr><tr><td class=\"has-text-align-left\" data-align=\"left\">06.01.2026<\/td><td>&nbsp;<\/td><td>Weihnachtsferien (Heilige Drei K\u00f6nige)<\/td><\/tr><tr><td class=\"has-text-align-left\" data-align=\"left\">13.01.2026<\/td><td>19:30 Uhr<\/td><td>Partieanalysen und freies Spiel<\/td><\/tr><tr><td class=\"has-text-align-left\" data-align=\"left\">&nbsp;<\/td><td>&nbsp;<\/td><td>M\u00fcnchner Mannschaftsmeisterschaft<\/td><\/tr><tr><td class=\"has-text-align-left\" data-align=\"left\">15.01.2026 (Do.)<\/td><td>19:30 Uhr<\/td><td>B-Klasse 1 | Runde 4 SC Garching 1980 6 \u2013 SC Ismaning 1<\/td><\/tr><tr><td class=\"has-text-align-left\" data-align=\"left\">16.01.2026 (Fr.)<\/td><td>19:30 Uhr<\/td><td>C-Klasse 1 | Runde 4 SC Ismaning 2 \u2013 SF Dachau 1932 3<\/td><\/tr><tr><td class=\"has-text-align-left\" data-align=\"left\">20.01.2026<\/td><td>19:30 Uhr<\/td><td>Ismaninger Einzelmeisterschaft 2026 (Runde 5)<\/td><\/tr><tr><td class=\"has-text-align-left\" data-align=\"left\">27.01.2026<\/td><td>19:30 Uhr<\/td><td>Partieanalysen und freies Spiel<\/td><\/tr><tr><td class=\"has-text-align-left\" data-align=\"left\">03.02.2026<\/td><td>19:30 Uhr<\/td><td>Partieanalysen und freies Spiel<\/td><\/tr><tr><td class=\"has-text-align-left\" data-align=\"left\">&nbsp;<\/td><td>&nbsp;<\/td><td>M\u00fcnchner Mannschaftsmeisterschaft<\/td><\/tr><tr><td class=\"has-text-align-left\" data-align=\"left\">03.02.2026 (Di.)<\/td><td>19:30 Uhr<\/td><td>C-Klasse 1 | Runde 5 SC Kirchseeon 1 &#8211; SC Ismaning 2<\/td><\/tr><tr><td class=\"has-text-align-left\" data-align=\"left\">06.02.2026 (Fr.)<\/td><td>19:30 Uhr<\/td><td>B-Klasse 1 | Runde 5 SC Ismaning 1 \u2013 FC Bayern M\u00fcnchen 8<\/td><\/tr><tr><td class=\"has-text-align-left\" data-align=\"left\">10.02.2026<\/td><td>19:30 Uhr<\/td><td>Ismaninger Einzelmeisterschaft 2026 (Runde 6)<\/td><\/tr><tr><td class=\"has-text-align-left\" data-align=\"left\">17.02.2026<\/td><td>&nbsp;<\/td><td>Faschingsferien (Faschingsdienstag)<\/td><\/tr><tr><td class=\"has-text-align-left\" data-align=\"left\">24.02.2026<\/td><td>19:30 Uhr<\/td><td>Partieanalysen und freies Spiel<\/td><\/tr><tr><td class=\"has-text-align-left\" data-align=\"left\">&nbsp;<\/td><td>&nbsp;<\/td><td>M\u00fcnchner Mannschaftsmeisterschaft<\/td><\/tr><tr><td class=\"has-text-align-left\" data-align=\"left\">26.02.2026 (Do.)<\/td><td>19:30 Uhr<\/td><td>B-Klasse 1 | Runde 6 SK Markt Schwaben 1 \u2013 SC Ismaning 1<\/td><\/tr><tr><td class=\"has-text-align-left\" data-align=\"left\">27.02.2026 (Fr.)<\/td><td>19:30 Uhr<\/td><td>C-Klasse 1 | Runde 6 SC Ismaning 2 \u2013 TSV Forstenried 2<\/td><\/tr><tr><td class=\"has-text-align-left\" data-align=\"left\">03.03.2026<\/td><td>19:30 Uhr<\/td><td>Partieanalysen und freies Spiel<\/td><\/tr><tr><td class=\"has-text-align-left\" data-align=\"left\">10.03.2026<\/td><td>19:30 Uhr<\/td><td>Ismaninger Einzelmeisterschaft 2026 (Runde 7)<\/td><\/tr><tr><td class=\"has-text-align-left\" data-align=\"left\">17.03.2026<\/td><td>19:30 Uhr<\/td><td>Partieanalysen und freies Spiel<\/td><\/tr><tr><td class=\"has-text-align-left\" data-align=\"left\">&nbsp;<\/td><td>&nbsp;<\/td><td>M\u00fcnchner Mannschaftsmeisterschaft<\/td><\/tr><tr><td class=\"has-text-align-left\" data-align=\"left\">17.03.2026 (Di.)<\/td><td>19:30 Uhr<\/td><td>C-Klasse 1 | Runde 7 SG Schwabing M\u00fcnchen Nord 4 &#8211; SC Ismaning 2<\/td><\/tr><tr><td class=\"has-text-align-left\" data-align=\"left\">20.03.2026 (Fr.)<\/td><td>19:30 Uhr<\/td><td>B-Klasse 1 | Runde 7 SC Ismaning 1 &#8211; M\u00fcnchener SC 1836 4<\/td><\/tr><tr><td class=\"has-text-align-left\" data-align=\"left\">24.03.2026<\/td><td>19:30 Uhr<\/td><td>Ismaninger Einzelmeisterschaft 2026 (Runde 8)<\/td><\/tr><tr><td class=\"has-text-align-left\" data-align=\"left\">31.03.2026<\/td><td>19:30 Uhr<\/td><td>Partieanalysen und freies Spiel (Osterferien)<\/td><\/tr><tr><td class=\"has-text-align-left\" data-align=\"left\">07.04.2026<\/td><td>19:30 Uhr<\/td><td>Partieanalysen und freies Spiel (Osterferien)<\/td><\/tr><tr><td class=\"has-text-align-left\" data-align=\"left\">14.04.2026<\/td><td>19:30 Uhr<\/td><td>Ismaninger Einzelmeisterschaft 2026 (Runde 9)<\/td><\/tr><tr><td class=\"has-text-align-left\" data-align=\"left\">21.04.2026<\/td><td>19:30 Uhr<\/td><td>Partieanalysen und freies Spiel<\/td><\/tr><tr><td class=\"has-text-align-left\" data-align=\"left\">&nbsp;<\/td><td>&nbsp;<\/td><td>M\u00fcnchner Mannschaftsmeisterschaft<\/td><\/tr><tr><td class=\"has-text-align-left\" data-align=\"left\">24.04.2026 (Fr.)<\/td><td>19:30 Uhr<\/td><td>B-Klasse 1 | Runde 8 SF Deisenhofen 2 \u2013 SC Ismaning 1<\/td><\/tr><tr><td class=\"has-text-align-left\" data-align=\"left\">24.04.2026 (Fr.)<\/td><td>19:30 Uhr<\/td><td>C-Klasse 1 | Runde 8 SC Ismaning 2 \u2013 1. SK Neuperlach 2<\/td><\/tr><tr><td class=\"has-text-align-left\" data-align=\"left\">28.04.2026<\/td><td>19:30 Uhr<\/td><td>Ismaninger Einzelmeisterschaft 2026 (Runde 10)<\/td><\/tr><tr><td class=\"has-text-align-left\" data-align=\"left\">05.05.2026<\/td><td>19:30 Uhr<\/td><td>Partieanalysen und freies Spiel<\/td><\/tr><tr><td class=\"has-text-align-left\" data-align=\"left\">&nbsp;<\/td><td>&nbsp;<\/td><td>M\u00fcnchner Mannschaftsmeisterschaft<\/td><\/tr><tr><td class=\"has-text-align-left\" data-align=\"left\">07.05.2026 (Do.)<\/td><td>19:30 Uhr<\/td><td>C-Klasse 1 | Runde 9 SC Sendling 3 &#8211; SC Ismaning 2<\/td><\/tr><tr><td class=\"has-text-align-left\" data-align=\"left\">08.05.2026 (Fr.)<\/td><td>19:30 Uhr<\/td><td>B-Klasse 1 | Runde 9 SC Ismaning 1 \u2013 SC Haar 1931 4<\/td><\/tr><tr><td class=\"has-text-align-left\" data-align=\"left\">12.05.2026<\/td><td>19:30 Uhr<\/td><td>Ismaninger Einzelmeisterschaft 2026 (Runde 11)<\/td><\/tr><tr><td class=\"has-text-align-left\" data-align=\"left\">19.05.2026<\/td><td>19:30 Uhr<\/td><td>Partieanalysen und freies Spiel<\/td><\/tr><tr><td class=\"has-text-align-left\" data-align=\"left\">26.05.2026<\/td><td>19:30 Uhr<\/td><td>Partieanalysen und freies Spiel (Pfingstferien)<\/td><\/tr><tr><td class=\"has-text-align-left\" data-align=\"left\">02.06.2026<\/td><td>19:30 Uhr<\/td><td>Partieanalysen und freies Spiel (Pfingstferien)<\/td><\/tr><\/tbody><\/table><\/figure>\n\n\n\n<p><\/p>\n","protected":false},"excerpt":{"rendered":"<p>Der Start der M\u00fcnchner Mannschaftsmeisterschaft l\u00e4utet traditionell die Saison der Langpartien ein. In der M\u00fcnchner Mannschaftsmeisterschaft 2025\/2026 ist der Schachclub Ismaning mit der 1. Mannschaft &hellip;<\/p>\n","protected":false},"author":1,"featured_media":0,"parent":0,"menu_order":0,"comment_status":"closed","ping_status":"closed","template":"","meta":{"footnotes":""},"class_list":["post-427","page","type-page","status-publish","hentry"],"_links":{"self":[{"href":"https:\/\/schachclub-ismaning.de\/index.php?rest_route=\/wp\/v2\/pages\/427","targetHints":{"allow":["GET"]}}],"collection":[{"href":"https:\/\/schachclub-ismaning.de\/index.php?rest_route=\/wp\/v2\/pages"}],"about":[{"href":"https:\/\/schachclub-ismaning.de\/index.php?rest_route=\/wp\/v2\/types\/page"}],"author":[{"embeddable":true,"href":"https:\/\/schachclub-ismaning.de\/index.php?rest_route=\/wp\/v2\/users\/1"}],"replies":[{"embeddable":true,"href":"https:\/\/schachclub-ismaning.de\/index.php?rest_route=%2Fwp%2Fv2%2Fcomments&post=427"}],"version-history":[{"count":18,"href":"https:\/\/schachclub-ismaning.de\/index.php?rest_route=\/wp\/v2\/pages\/427\/revisions"}],"predecessor-version":[{"id":792,"href":"https:\/\/schachclub-ismaning.de\/index.php?rest_route=\/wp\/v2\/pages\/427\/revisions\/792"}],"wp:attachment":[{"href":"https:\/\/schachclub-ismaning.de\/index.php?rest_route=%2Fwp%2Fv2%2Fmedia&parent=427"}],"curies":[{"name":"wp","href":"https:\/\/api.w.org\/{rel}","templated":true}]}}