{"id":62,"date":"2020-01-01T23:50:41","date_gmt":"2020-01-01T23:50:41","guid":{"rendered":"http:\/\/neu.schachclub-ismaning.de\/?page_id=62"},"modified":"2024-07-23T11:16:09","modified_gmt":"2024-07-23T11:16:09","slug":"spielbetrieb","status":"publish","type":"page","link":"https:\/\/schachclub-ismaning.de\/?page_id=62","title":{"rendered":"Spielbetrieb"},"content":{"rendered":"\n<p>Einfach vorbeischauen! Alle Schachinteressierten sind herzlich willkommen. Zum Fachsimpeln und Kiebitzen ist keine Mitgliedschaft erforderlich. Aktive Schnupperwochen sind ebenfalls m\u00f6glich. Vereinsturniere sind offene Turniere, an denen auch G\u00e4ste teilnehmen k\u00f6nnen. Am Ende freuen wir uns nat\u00fcrlich \u00fcber jedes neue Mitglied in unserer Schachfamilie!<\/p>\n\n\n\n<div class=\"wp-block-media-text is-stacked-on-mobile\"><figure class=\"wp-block-media-text__media\"><img loading=\"lazy\" decoding=\"async\" width=\"1024\" height=\"683\" src=\"https:\/\/schachclub-ismaning.de\/wp-content\/uploads\/2020\/01\/Spielbetrieb_1-1024x683.jpg\" alt=\"\" class=\"wp-image-126 size-full\" srcset=\"https:\/\/schachclub-ismaning.de\/wp-content\/uploads\/2020\/01\/Spielbetrieb_1-1024x683.jpg 1024w, https:\/\/schachclub-ismaning.de\/wp-content\/uploads\/2020\/01\/Spielbetrieb_1-300x200.jpg 300w, https:\/\/schachclub-ismaning.de\/wp-content\/uploads\/2020\/01\/Spielbetrieb_1-768x512.jpg 768w, https:\/\/schachclub-ismaning.de\/wp-content\/uploads\/2020\/01\/Spielbetrieb_1-1536x1024.jpg 1536w, https:\/\/schachclub-ismaning.de\/wp-content\/uploads\/2020\/01\/Spielbetrieb_1.jpg 1920w\" sizes=\"auto, (max-width: 1024px) 100vw, 1024px\" \/><\/figure><div class=\"wp-block-media-text__content\">\n<p><strong>Kinder und Jugendliche<\/strong><br>freitags<br>ab 16:00 Uhr<br>Hauptstr. 17<br>85737 Ismaning<br>(Alte Polizei, 1. Stock)<\/p>\n<\/div><\/div>\n\n\n\n<div class=\"wp-block-media-text has-media-on-the-right is-stacked-on-mobile\"><div class=\"wp-block-media-text__content\">\n<p><strong>Erwachsene<\/strong><br>dienstags<br>ab 19:30 Uhr<br>Aschheimer Str. 2<br>85737 Ismaning<br>(Hillebrandhof &#8211; Haus der Senioren, Clubraum)<\/p>\n<\/div><figure class=\"wp-block-media-text__media\"><img loading=\"lazy\" decoding=\"async\" width=\"1024\" height=\"699\" src=\"https:\/\/schachclub-ismaning.de\/wp-content\/uploads\/2020\/01\/Spielbetrieb_2-1024x699.jpg\" alt=\"\" class=\"wp-image-127 size-full\" srcset=\"https:\/\/schachclub-ismaning.de\/wp-content\/uploads\/2020\/01\/Spielbetrieb_2-1024x699.jpg 1024w, https:\/\/schachclub-ismaning.de\/wp-content\/uploads\/2020\/01\/Spielbetrieb_2-300x205.jpg 300w, https:\/\/schachclub-ismaning.de\/wp-content\/uploads\/2020\/01\/Spielbetrieb_2-768x524.jpg 768w, https:\/\/schachclub-ismaning.de\/wp-content\/uploads\/2020\/01\/Spielbetrieb_2-1536x1048.jpg 1536w, https:\/\/schachclub-ismaning.de\/wp-content\/uploads\/2020\/01\/Spielbetrieb_2.jpg 1920w\" sizes=\"auto, (max-width: 1024px) 100vw, 1024px\" \/><\/figure><\/div>\n\n\n\n<p><\/p>\n","protected":false},"excerpt":{"rendered":"<p>Einfach vorbeischauen! Alle Schachinteressierten sind herzlich willkommen. Zum Fachsimpeln und Kiebitzen ist keine Mitgliedschaft erforderlich. Aktive Schnupperwochen sind ebenfalls m\u00f6glich. Vereinsturniere sind offene Turniere, an &hellip;<\/p>\n","protected":false},"author":1,"featured_media":0,"parent":0,"menu_order":0,"comment_status":"closed","ping_status":"closed","template":"","meta":{"footnotes":""},"class_list":["post-62","page","type-page","status-publish","hentry"],"_links":{"self":[{"href":"https:\/\/schachclub-ismaning.de\/index.php?rest_route=\/wp\/v2\/pages\/62","targetHints":{"allow":["GET"]}}],"collection":[{"href":"https:\/\/schachclub-ismaning.de\/index.php?rest_route=\/wp\/v2\/pages"}],"about":[{"href":"https:\/\/schachclub-ismaning.de\/index.php?rest_route=\/wp\/v2\/types\/page"}],"author":[{"embeddable":true,"href":"https:\/\/schachclub-ismaning.de\/index.php?rest_route=\/wp\/v2\/users\/1"}],"replies":[{"embeddable":true,"href":"https:\/\/schachclub-ismaning.de\/index.php?rest_route=%2Fwp%2Fv2%2Fcomments&post=62"}],"version-history":[{"count":17,"href":"https:\/\/schachclub-ismaning.de\/index.php?rest_route=\/wp\/v2\/pages\/62\/revisions"}],"predecessor-version":[{"id":542,"href":"https:\/\/schachclub-ismaning.de\/index.php?rest_route=\/wp\/v2\/pages\/62\/revisions\/542"}],"wp:attachment":[{"href":"https:\/\/schachclub-ismaning.de\/index.php?rest_route=%2Fwp%2Fv2%2Fmedia&parent=62"}],"curies":[{"name":"wp","href":"https:\/\/api.w.org\/{rel}","templated":true}]}}