{"id":68,"date":"2020-01-01T23:52:16","date_gmt":"2020-01-01T23:52:16","guid":{"rendered":"http:\/\/neu.schachclub-ismaning.de\/?page_id=68"},"modified":"2025-08-17T15:00:16","modified_gmt":"2025-08-17T15:00:16","slug":"mitgliedschaft","status":"publish","type":"page","link":"https:\/\/schachclub-ismaning.de\/?page_id=68","title":{"rendered":"Mitgliedschaft"},"content":{"rendered":"\n<p>F\u00fcr eine regelm\u00e4\u00dfige aktive Teilnahme am Spielbetrieb ist eine Mitgliedschaft im Schachclub Ismaning erforderlich. Die wichtigsten Schritte und Informationen:<\/p>\n\n\n\n<p>Bitte den <a href=\"https:\/\/schachclub-ismaning.de\/wp-content\/uploads\/2025\/08\/Schachclub_Ismaning_Aufnahmeantrag.pdf\" data-type=\"attachment\" data-id=\"727\" target=\"_blank\" rel=\"noreferrer noopener\">Aufnahmeantrag <\/a>ausf\u00fcllen, unterschreiben und an den 1. Vorstand weiterleiten.<\/p>\n\n\n\n<p>Der Mitgliedsbeitrag ist ein Jahresbeitrag und betr\u00e4gt<\/p>\n\n\n\n<p>&#8211; 50 EUR f\u00fcr Erwachsene sowie<br>&#8211; 25 EUR f\u00fcr Kinder und Jugendliche bis 18 Jahre.<\/p>\n\n\n\n<p>\u00dcber weitere Beitragserm\u00e4\u00dfigungen \u00fcber das 18. Lebensjahr hinaus (z. B. aufgrund Studium, Berufsausbildung, Wehr- oder Wehrersatzdienst\u2026) entscheidet die Hauptversammlung.<\/p>\n\n\n\n<p>Der Mitgliedsbeitrag wird jeweils  nach der j\u00e4hrlichen Hauptversammlung per Lastschrift eingezogen.<\/p>\n\n\n\n<p>Eine Beendigung der Mitgliedschaft ist jeweils zum Jahresende m\u00f6glich.<\/p>\n","protected":false},"excerpt":{"rendered":"<p>F\u00fcr eine regelm\u00e4\u00dfige aktive Teilnahme am Spielbetrieb ist eine Mitgliedschaft im Schachclub Ismaning erforderlich. Die wichtigsten Schritte und Informationen: Bitte den Aufnahmeantrag ausf\u00fcllen, unterschreiben und &hellip;<\/p>\n","protected":false},"author":1,"featured_media":0,"parent":355,"menu_order":2,"comment_status":"closed","ping_status":"closed","template":"","meta":{"footnotes":""},"class_list":["post-68","page","type-page","status-publish","hentry"],"_links":{"self":[{"href":"https:\/\/schachclub-ismaning.de\/index.php?rest_route=\/wp\/v2\/pages\/68","targetHints":{"allow":["GET"]}}],"collection":[{"href":"https:\/\/schachclub-ismaning.de\/index.php?rest_route=\/wp\/v2\/pages"}],"about":[{"href":"https:\/\/schachclub-ismaning.de\/index.php?rest_route=\/wp\/v2\/types\/page"}],"author":[{"embeddable":true,"href":"https:\/\/schachclub-ismaning.de\/index.php?rest_route=\/wp\/v2\/users\/1"}],"replies":[{"embeddable":true,"href":"https:\/\/schachclub-ismaning.de\/index.php?rest_route=%2Fwp%2Fv2%2Fcomments&post=68"}],"version-history":[{"count":9,"href":"https:\/\/schachclub-ismaning.de\/index.php?rest_route=\/wp\/v2\/pages\/68\/revisions"}],"predecessor-version":[{"id":736,"href":"https:\/\/schachclub-ismaning.de\/index.php?rest_route=\/wp\/v2\/pages\/68\/revisions\/736"}],"up":[{"embeddable":true,"href":"https:\/\/schachclub-ismaning.de\/index.php?rest_route=\/wp\/v2\/pages\/355"}],"wp:attachment":[{"href":"https:\/\/schachclub-ismaning.de\/index.php?rest_route=%2Fwp%2Fv2%2Fmedia&parent=68"}],"curies":[{"name":"wp","href":"https:\/\/api.w.org\/{rel}","templated":true}]}}